{"id":412,"date":"2020-05-17T07:43:42","date_gmt":"2020-05-17T07:43:42","guid":{"rendered":"https:\/\/be-virtual.ch\/blog\/?page_id=412"},"modified":"2020-05-17T07:43:42","modified_gmt":"2020-05-17T07:43:42","slug":"a-propos","status":"publish","type":"page","link":"https:\/\/be-virtual.ch\/blog\/a-propos\/","title":{"rendered":"\u00c0 propos"},"content":{"rendered":"<p>Internet a transform\u00e9 le monde profond\u00e9ment et a modifi\u00e9 nombre de nos activit\u00e9s, priv\u00e9es ou professionnelles. Ce blog essaie d\u2019observer ces changements et leurs cons\u00e9quences. Il porte un regard plus particulier sur le domaine culturel et s\u2019int\u00e9resse notamment au th\u00e8me du mus\u00e9e virtuel.<\/p>\n<p>Ce blog n&rsquo;est plus aliment\u00e9.<\/p>\n","protected":false},"excerpt":{"rendered":"<p>Internet a transform\u00e9 le monde profond\u00e9ment et a modifi\u00e9 nombre de nos activit\u00e9s, priv\u00e9es ou professionnelles. Ce blog essaie d\u2019observer ces changements et leurs cons\u00e9quences. Il porte un regard plus particulier sur le domaine culturel et s\u2019int\u00e9resse notamment au th\u00e8me du mus\u00e9e virtuel. Ce blog n&rsquo;est plus aliment\u00e9.<\/p>\n","protected":false},"author":1,"featured_media":0,"parent":0,"menu_order":0,"comment_status":"closed","ping_status":"closed","template":"","meta":[],"_links":{"self":[{"href":"https:\/\/be-virtual.ch\/blog\/wp-json\/wp\/v2\/pages\/412"}],"collection":[{"href":"https:\/\/be-virtual.ch\/blog\/wp-json\/wp\/v2\/pages"}],"about":[{"href":"https:\/\/be-virtual.ch\/blog\/wp-json\/wp\/v2\/types\/page"}],"author":[{"embeddable":true,"href":"https:\/\/be-virtual.ch\/blog\/wp-json\/wp\/v2\/users\/1"}],"replies":[{"embeddable":true,"href":"https:\/\/be-virtual.ch\/blog\/wp-json\/wp\/v2\/comments?post=412"}],"version-history":[{"count":1,"href":"https:\/\/be-virtual.ch\/blog\/wp-json\/wp\/v2\/pages\/412\/revisions"}],"predecessor-version":[{"id":413,"href":"https:\/\/be-virtual.ch\/blog\/wp-json\/wp\/v2\/pages\/412\/revisions\/413"}],"wp:attachment":[{"href":"https:\/\/be-virtual.ch\/blog\/wp-json\/wp\/v2\/media?parent=412"}],"curies":[{"name":"wp","href":"https:\/\/api.w.org\/{rel}","templated":true}]}}